{"id":335,"date":"2025-09-05T16:33:53","date_gmt":"2025-09-05T14:33:53","guid":{"rendered":"https:\/\/aupanierchampenois.fr\/?page_id=335"},"modified":"2025-09-05T16:43:17","modified_gmt":"2025-09-05T14:43:17","slug":"mentions-legales","status":"publish","type":"page","link":"https:\/\/aupanierchampenois.fr\/index.php\/mentions-legales\/","title":{"rendered":"Mentions l\u00e9gales"},"content":{"rendered":"\t\t<div data-elementor-type=\"wp-page\" data-elementor-id=\"335\" class=\"elementor elementor-335\">\n\t\t\t\t<div class=\"aux-parallax-section elementor-element elementor-element-f314080 e-flex e-con-boxed e-con e-parent\" data-id=\"f314080\" data-element_type=\"container\">\n\t\t\t\t\t<div class=\"e-con-inner\">\n\t\t\t\t<div class=\"elementor-element elementor-element-c46a4ef elementor-widget elementor-widget-heading\" data-id=\"c46a4ef\" data-element_type=\"widget\" data-widget_type=\"heading.default\">\n\t\t\t\t<div class=\"elementor-widget-container\">\n\t\t\t\t\t<h2 class=\"elementor-heading-title elementor-size-default\">Mentions l\u00e9gales<\/h2>\t\t\t\t<\/div>\n\t\t\t\t<\/div>\n\t\t\t\t<div class=\"elementor-element elementor-element-4c44caf elementor-widget elementor-widget-text-editor\" data-id=\"4c44caf\" data-element_type=\"widget\" data-widget_type=\"text-editor.default\">\n\t\t\t\t<div class=\"elementor-widget-container\">\n\t\t\t\t\t\t\t\t\t<p><strong>Le pr\u00e9sent site est exploit\u00e9 par la SAS Le Local Bragard<\/strong><br \/>au capital de 12500 euros immatricul\u00e9e au RCS de Chaumont<br \/><strong>Num\u00e9ro SIRET :<\/strong> 851 517 565 00012<br \/><strong>Adresse :<\/strong> Place Emile Mauguet 52100 ST DIZIER<br \/><strong>T\u00e9l :<\/strong> 03.51.45.95.49<br \/><strong>Mail :<\/strong> lelocalbragard@gmail.com<\/p><p><strong>Cr\u00e9ateur et h\u00e9bergement du site :<\/strong><br \/>La soci\u00e9t\u00e9 DIRLAND SAS<\/p><p>91 Rue du Faubourg St Honor\u00e9<br \/>75008 PARIS<\/p><p>RCS PARIS B 516 580 164<\/p><p>N\u00b0 TVA FR22516580164<br \/>Code NAF : T\u00e9l\u00e9communications Filaires (6110Z)<br \/>Soci\u00e9t\u00e9 par Actions Simplifi\u00e9e (S.A.S) au capital de 506 740,53\u20ac<\/p><p>Op\u00e9rateur d\u00e9clar\u00e9 \u00e0 l\u2019ARCEP sous code : DIRL<\/p><h4>OVH Cloud<\/h4><p>2, Rue Kellermann<\/p><p>59100 ROUBAIX<\/p><p>RCS Lille M\u00e9tropole B 424 761 419<\/p><p><strong>Modifications<\/strong><br \/>En acc\u00e9dant et en naviguant sur ce site, l&rsquo;utilisateur est inform\u00e9 de ses droits et obligations et accepte pleinement de se conformer aux pr\u00e9sentes conditions d\u2019utilisation du site. Ces conditions peuvent avoir \u00e9t\u00e9 mises \u00e0 jour depuis sa derni\u00e8re connexion au site. Il appartient donc \u00e0 l&rsquo;utilisateur de v\u00e9rifier p\u00e9riodiquement le contenu des documents concern\u00e9s.<\/p><p><strong>Responsabilit\u00e9s<\/strong><\/p><p><strong>La SAS Le Local Bragard<\/strong> met tout en \u0153uvre pour assurer l&rsquo;exactitude et la mise \u00e0 jour de l&rsquo;ensemble des informations fournies sur son site. Il ne peut garantir que les informations contenues sur le site soient compl\u00e8tes, pr\u00e9cises, exactes, exhaustives et d\u00e9pourvues de toute erreur. Il prend un soin tout particulier \u00e0 la qualit\u00e9 des informations transmises sur le site mais ne saurait \u00eatre responsable des informations erron\u00e9es ou des omissions pouvant appara\u00eetre telles que des erreurs typographiques ou de mise en page.<br \/><strong>La SAS Le Local Bragard<\/strong> s&rsquo;engage, d\u00e8s qu&rsquo;un utilisateur quelconque transmet toute erreur constat\u00e9e aux coordonn\u00e9es ci-dessus, \u00e0 proc\u00e9der \u00e0 la correction dans les plus brefs d\u00e9lais.<br \/>Les \u00e9ventuels liens hypertextes pr\u00e9sents sur le site www.aupanierchampenois.fr et aiguillant les visiteurs vers d\u2019autres sites Internet n\u2019engagent pas la responsabilit\u00e9 de la SAS Le Local Bragard quant au contenu de ces autres sites. Il ne pourra pas \u00eatre tenu responsable de tout dommage direct ou indirect issu d\u2019une interruption, d\u2019un dysfonctionnement quel qu\u2019il soit, et ce pour quelque raison que ce soit, ou encore de tout dommage direct ou indirect qui r\u00e9sulterait, d\u2019une fa\u00e7on quelconque, d\u2019une connexion au site.<br \/><strong>La SAS Le Local Bragard<\/strong> ne peut toutefois garantir et ne garantit pas que le serveur accueillant le \u00absite\u00bb est exempt de virus et que les fichiers accessibles par t\u00e9l\u00e9chargement sur ce site Web ou tout autre site tiers sont d\u00e9pourvus de virus ou d\u2019erreurs de fonctionnement. Dans la mesure o\u00f9 des virus peuvent \u00eatre transmis via Internet, nous recommandons aux utilisateurs de prendre les mesures n\u00e9cessaires afin de prot\u00e9ger leur ordinateur contre toute intrusion ou contre tout probl\u00e8me technique qui pourrait endommager les composants de l&rsquo;ordinateur de l&rsquo;utilisateur ou des donn\u00e9es qui pourraient y \u00eatre stock\u00e9es.<br \/><strong>Acc\u00e8s au \u00ab site \u00bb<\/strong><br \/>L&rsquo;acc\u00e8s aux Services est possible 24 heures sur 24, 7 jours sur 7, sauf cas de force majeure du fait de tiers et\/ou travaux de maintenance et interventions n\u00e9cessaires au bon fonctionnement des Services.<\/p><p><strong>Droits de reproduction<\/strong><\/p><p>En acc\u00e9dant \u00e0 ce site, l&rsquo;utilisateur accepte de vous conformer au Code de la Propri\u00e9t\u00e9 Intellectuelle fran\u00e7ais et plus g\u00e9n\u00e9ralement aux trait\u00e9s et accords internationaux comportant des dispositions relatives \u00e0 la protection des droits d\u2019auteur, de cr\u00e9ations et mod\u00e8les et\/ou de marques. La violation de l\u2019un des droits de l\u2019auteur est un d\u00e9lit de contrefa\u00e7on et toute contrefa\u00e7on est sanctionn\u00e9e en France par l\u2019article L 335-2 du code de la propri\u00e9t\u00e9 intellectuelle.<\/p><p><strong>Confidentialit\u00e9s et donn\u00e9es personnelles<\/strong><\/p><p>Conform\u00e9ment \u00e0 la loi \u00ab informatique et libert\u00e9s \u00bb du 6 janvier 1978 modifi\u00e9e en 2004, vous b\u00e9n\u00e9ficiez d\u2019un droit d\u2019acc\u00e8s, de rectification et de suppression aux informations qui vous concernent en effectuant une demande \u00e9crite et sign\u00e9e, accompagn\u00e9e d\u2019une copie du titre d\u2019identit\u00e9 avec signature du titulaire de la pi\u00e8ce, en pr\u00e9cisant l\u2019adresse \u00e0 laquelle la r\u00e9ponse doit \u00eatre envoy\u00e9e. Vous pouvez \u00e9galement, pour des motifs l\u00e9gitimes, vous opposer au traitement des donn\u00e9es vous concernant.<\/p><p>Si vous souhaitez exercer ce droit et obtenir communication des informations vous concernant, veuillez vous adresser, par courrier \u00e0 SAS Le Local Bragard, Au Panier Champenois, 16 place Emile Mauguet, 52100 SAINT DIZIER ou par email \u00e0 lelocalbragard@gmail.com . Nous nous engageons \u00e0 prendre toutes pr\u00e9cautions afin de pr\u00e9server la s\u00e9curit\u00e9 de ces informations et notamment emp\u00eacher qu&rsquo;elles ne soient d\u00e9form\u00e9es, endommag\u00e9es ou communiqu\u00e9es \u00e0 des tiers.<\/p><p>A la cl\u00f4ture du compte et \u00e0 toutes fins de preuve, des donn\u00e9es concernant l&rsquo;utilisateur peuvent \u00eatre conserv\u00e9es et archiv\u00e9es confidentiellement par la SAS Le Local Bragard, selon les lois en vigueur.<\/p><p>Afin d&rsquo;am\u00e9liorer la qualit\u00e9 de son service et de mieux r\u00e9pondre aux attentes de ses utilisateurs, CLEOP pourra \u00eatre amen\u00e9 \u00e0 collecter des donn\u00e9es nominatives sur l&rsquo;utilisateur, notamment par l&rsquo;utilisation de marqueurs (cookies). Comme la loi le stipule, l&rsquo;\u00e9diteur devra informer les internautes de la finalit\u00e9 des cookies, obtenir leur consentement et fournir aux internautes un moyen de les refuser.<\/p>\t\t\t\t\t\t\t\t<\/div>\n\t\t\t\t<\/div>\n\t\t\t\t\t<\/div>\n\t\t\t\t<\/div>\n\t\t\t\t<\/div>\n\t\t","protected":false},"excerpt":{"rendered":"<p>Mentions l\u00e9gales Le pr\u00e9sent site est exploit\u00e9 par la SAS Le Local Bragardau capital de 12500 euros immatricul\u00e9e au RCS de ChaumontNum\u00e9ro SIRET : 851 517 565 00012Adresse : Place Emile Mauguet 52100 ST DIZIERT\u00e9l : 03.51.45.95.49Mail : lelocalbragard@gmail.com Cr\u00e9ateur et h\u00e9bergement du site :La soci\u00e9t\u00e9 DIRLAND SAS 91 Rue du Faubourg St Honor\u00e975008 PARIS [&hellip;]<\/p>\n","protected":false},"author":1,"featured_media":0,"parent":0,"menu_order":0,"comment_status":"closed","ping_status":"closed","template":"","meta":{"footnotes":""},"class_list":["post-335","page","type-page","status-publish","hentry"],"_links":{"self":[{"href":"https:\/\/aupanierchampenois.fr\/index.php\/wp-json\/wp\/v2\/pages\/335","targetHints":{"allow":["GET"]}}],"collection":[{"href":"https:\/\/aupanierchampenois.fr\/index.php\/wp-json\/wp\/v2\/pages"}],"about":[{"href":"https:\/\/aupanierchampenois.fr\/index.php\/wp-json\/wp\/v2\/types\/page"}],"author":[{"embeddable":true,"href":"https:\/\/aupanierchampenois.fr\/index.php\/wp-json\/wp\/v2\/users\/1"}],"replies":[{"embeddable":true,"href":"https:\/\/aupanierchampenois.fr\/index.php\/wp-json\/wp\/v2\/comments?post=335"}],"version-history":[{"count":7,"href":"https:\/\/aupanierchampenois.fr\/index.php\/wp-json\/wp\/v2\/pages\/335\/revisions"}],"predecessor-version":[{"id":343,"href":"https:\/\/aupanierchampenois.fr\/index.php\/wp-json\/wp\/v2\/pages\/335\/revisions\/343"}],"wp:attachment":[{"href":"https:\/\/aupanierchampenois.fr\/index.php\/wp-json\/wp\/v2\/media?parent=335"}],"curies":[{"name":"wp","href":"https:\/\/api.w.org\/{rel}","templated":true}]}}